{"id":157,"date":"2016-09-12T08:54:41","date_gmt":"2016-09-12T06:54:41","guid":{"rendered":"https:\/\/www.tlp.at\/?page_id=157"},"modified":"2016-09-12T08:59:43","modified_gmt":"2016-09-12T06:59:43","slug":"gemuese-aus-tirol-von-tlp-tiroler-landesprodukte","status":"publish","type":"page","link":"https:\/\/www.tlp.at\/?page_id=157","title":{"rendered":"Gem\u00fcse aus Tirol"},"content":{"rendered":"<p>Gem\u00fcse aus Tirol versorgt die Tiroler und Tirolerinnen und die vielen G\u00e4ste mit regionaler Qualit\u00e4t.<\/p>\n<div id=\"attachment_43\" style=\"width: 310px\" class=\"wp-caption alignnone\"><a href=\"https:\/\/www.tlp.at\/wp-content\/uploads\/2015\/04\/IMG_4477_wm.jpg\"><img loading=\"lazy\" decoding=\"async\" aria-describedby=\"caption-attachment-43\" class=\"size-medium wp-image-43\" src=\"https:\/\/www.tlp.at\/wp-content\/uploads\/2015\/04\/IMG_4477_wm-300x200.jpg\" alt=\"Gem\u00fcse aus Tirol\" width=\"300\" height=\"200\" srcset=\"https:\/\/www.tlp.at\/wp-content\/uploads\/2015\/04\/IMG_4477_wm-300x200.jpg 300w, https:\/\/www.tlp.at\/wp-content\/uploads\/2015\/04\/IMG_4477_wm.jpg 1024w, https:\/\/www.tlp.at\/wp-content\/uploads\/2015\/04\/IMG_4477_wm-450x300.jpg 450w\" sizes=\"auto, (max-width: 300px) 100vw, 300px\" \/><\/a><p id=\"caption-attachment-43\" class=\"wp-caption-text\">TLP &#8211; Tiroler Radieschen<\/p><\/div>\n<p>&nbsp;<\/p>\n<p>Gem\u00fcse aus Tirol wird unter der Marke<\/p>\n<p><a href=\"https:\/\/www.tlp.at\/wp-content\/uploads\/2015\/09\/l-tlp.jpg\"><img loading=\"lazy\" decoding=\"async\" class=\"alignnone size-full wp-image-79\" src=\"https:\/\/www.tlp.at\/wp-content\/uploads\/2015\/09\/l-tlp.jpg\" alt=\"TLP Tiroler Landesprodukte\" width=\"143\" height=\"108\" \/><\/a><\/p>\n<p>angeboten und von der Firma<\/p>\n<p><a href=\"http:\/\/www.ischia.at\"><img loading=\"lazy\" decoding=\"async\" class=\"alignnone wp-image-162 size-medium\" src=\"https:\/\/www.tlp.at\/wp-content\/uploads\/2016\/09\/Ischia_Logo_4c_neu-300x115.jpg\" alt=\"Ischia Obst und Gem\u00fcse\" width=\"300\" height=\"115\" srcset=\"https:\/\/www.tlp.at\/wp-content\/uploads\/2016\/09\/Ischia_Logo_4c_neu-300x115.jpg 300w, https:\/\/www.tlp.at\/wp-content\/uploads\/2016\/09\/Ischia_Logo_4c_neu.jpg 472w\" sizes=\"auto, (max-width: 300px) 100vw, 300px\" \/><\/a><\/p>\n<p>und deren Fachhandelspartner exklusiv vertrieben.<\/p>\n<p>&nbsp;<\/p>\n","protected":false},"excerpt":{"rendered":"<p>Gem\u00fcse aus Tirol versorgt die Tiroler und Tirolerinnen und die vielen G\u00e4ste mit regionaler Qualit\u00e4t. &nbsp; Gem\u00fcse aus Tirol wird unter der Marke angeboten und von der Firma und deren Fachhandelspartner exklusiv vertrieben. &nbsp;<\/p>\n","protected":false},"author":2,"featured_media":0,"parent":0,"menu_order":0,"comment_status":"closed","ping_status":"closed","template":"","meta":{"footnotes":""},"class_list":["post-157","page","type-page","status-publish","hentry"],"yoast_head":"<!-- This site is optimized with the Yoast SEO plugin v27.5 - https:\/\/yoast.com\/product\/yoast-seo-wordpress\/ -->\n<title>Gem\u00fcse aus Tirol von TLP Tiroler Landesprodukte<\/title>\n<meta name=\"description\" content=\"Gem\u00fcse aus Tirol von TLP Tiroler Landesprodukte regional klimaschonend Radieschen aus Tirol Salat aus Tirol Melanzane aus Tirol\" \/>\n<meta name=\"robots\" content=\"index, follow, max-snippet:-1, max-image-preview:large, max-video-preview:-1\" \/>\n<link rel=\"canonical\" href=\"https:\/\/www.tlp.at\/?page_id=157\" \/>\n<meta property=\"og:locale\" content=\"de_DE\" \/>\n<meta property=\"og:type\" content=\"article\" \/>\n<meta property=\"og:title\" content=\"Gem\u00fcse aus Tirol von TLP Tiroler Landesprodukte\" \/>\n<meta property=\"og:description\" content=\"Gem\u00fcse aus Tirol von TLP Tiroler Landesprodukte regional klimaschonend Radieschen aus Tirol Salat aus Tirol Melanzane aus Tirol\" \/>\n<meta property=\"og:url\" content=\"https:\/\/www.tlp.at\/?page_id=157\" \/>\n<meta property=\"og:site_name\" content=\"TLP Tiroler Landesprodukte\" \/>\n<meta property=\"article:modified_time\" content=\"2016-09-12T06:59:43+00:00\" \/>\n<meta property=\"og:image\" content=\"https:\/\/www.tlp.at\/wp-content\/uploads\/2015\/04\/IMG_4477_wm-300x200.jpg\" \/>\n<meta name=\"twitter:card\" content=\"summary_large_image\" \/>\n<script type=\"application\/ld+json\" class=\"yoast-schema-graph\">{\"@context\":\"https:\\\/\\\/schema.org\",\"@graph\":[{\"@type\":\"WebPage\",\"@id\":\"https:\\\/\\\/www.tlp.at\\\/?page_id=157\",\"url\":\"https:\\\/\\\/www.tlp.at\\\/?page_id=157\",\"name\":\"Gem\u00fcse aus Tirol von TLP Tiroler Landesprodukte\",\"isPartOf\":{\"@id\":\"https:\\\/\\\/www.tlp.at\\\/#website\"},\"primaryImageOfPage\":{\"@id\":\"https:\\\/\\\/www.tlp.at\\\/?page_id=157#primaryimage\"},\"image\":{\"@id\":\"https:\\\/\\\/www.tlp.at\\\/?page_id=157#primaryimage\"},\"thumbnailUrl\":\"https:\\\/\\\/www.tlp.at\\\/wp-content\\\/uploads\\\/2015\\\/04\\\/IMG_4477_wm-300x200.jpg\",\"datePublished\":\"2016-09-12T06:54:41+00:00\",\"dateModified\":\"2016-09-12T06:59:43+00:00\",\"description\":\"Gem\u00fcse aus Tirol von TLP Tiroler Landesprodukte regional klimaschonend Radieschen aus Tirol Salat aus Tirol Melanzane aus Tirol\",\"breadcrumb\":{\"@id\":\"https:\\\/\\\/www.tlp.at\\\/?page_id=157#breadcrumb\"},\"inLanguage\":\"de\",\"potentialAction\":[{\"@type\":\"ReadAction\",\"target\":[\"https:\\\/\\\/www.tlp.at\\\/?page_id=157\"]}]},{\"@type\":\"ImageObject\",\"inLanguage\":\"de\",\"@id\":\"https:\\\/\\\/www.tlp.at\\\/?page_id=157#primaryimage\",\"url\":\"https:\\\/\\\/www.tlp.at\\\/wp-content\\\/uploads\\\/2015\\\/04\\\/IMG_4477_wm.jpg\",\"contentUrl\":\"https:\\\/\\\/www.tlp.at\\\/wp-content\\\/uploads\\\/2015\\\/04\\\/IMG_4477_wm.jpg\",\"width\":1024,\"height\":683,\"caption\":\"TLP - Tiroler Radieschen\"},{\"@type\":\"BreadcrumbList\",\"@id\":\"https:\\\/\\\/www.tlp.at\\\/?page_id=157#breadcrumb\",\"itemListElement\":[{\"@type\":\"ListItem\",\"position\":1,\"name\":\"Home\",\"item\":\"https:\\\/\\\/www.tlp.at\\\/\"},{\"@type\":\"ListItem\",\"position\":2,\"name\":\"Gem\u00fcse aus Tirol\"}]},{\"@type\":\"WebSite\",\"@id\":\"https:\\\/\\\/www.tlp.at\\\/#website\",\"url\":\"https:\\\/\\\/www.tlp.at\\\/\",\"name\":\"TLP Tiroler Landesprodukte\",\"description\":\"Das Beste direkt von unseren Tiroler Bauern\",\"potentialAction\":[{\"@type\":\"SearchAction\",\"target\":{\"@type\":\"EntryPoint\",\"urlTemplate\":\"https:\\\/\\\/www.tlp.at\\\/?s={search_term_string}\"},\"query-input\":{\"@type\":\"PropertyValueSpecification\",\"valueRequired\":true,\"valueName\":\"search_term_string\"}}],\"inLanguage\":\"de\"}]}<\/script>\n<!-- \/ Yoast SEO plugin. -->","yoast_head_json":{"title":"Gem\u00fcse aus Tirol von TLP Tiroler Landesprodukte","description":"Gem\u00fcse aus Tirol von TLP Tiroler Landesprodukte regional klimaschonend Radieschen aus Tirol Salat aus Tirol Melanzane aus Tirol","robots":{"index":"index","follow":"follow","max-snippet":"max-snippet:-1","max-image-preview":"max-image-preview:large","max-video-preview":"max-video-preview:-1"},"canonical":"https:\/\/www.tlp.at\/?page_id=157","og_locale":"de_DE","og_type":"article","og_title":"Gem\u00fcse aus Tirol von TLP Tiroler Landesprodukte","og_description":"Gem\u00fcse aus Tirol von TLP Tiroler Landesprodukte regional klimaschonend Radieschen aus Tirol Salat aus Tirol Melanzane aus Tirol","og_url":"https:\/\/www.tlp.at\/?page_id=157","og_site_name":"TLP Tiroler Landesprodukte","article_modified_time":"2016-09-12T06:59:43+00:00","og_image":[{"url":"https:\/\/www.tlp.at\/wp-content\/uploads\/2015\/04\/IMG_4477_wm-300x200.jpg","type":"","width":"","height":""}],"twitter_card":"summary_large_image","schema":{"@context":"https:\/\/schema.org","@graph":[{"@type":"WebPage","@id":"https:\/\/www.tlp.at\/?page_id=157","url":"https:\/\/www.tlp.at\/?page_id=157","name":"Gem\u00fcse aus Tirol von TLP Tiroler Landesprodukte","isPartOf":{"@id":"https:\/\/www.tlp.at\/#website"},"primaryImageOfPage":{"@id":"https:\/\/www.tlp.at\/?page_id=157#primaryimage"},"image":{"@id":"https:\/\/www.tlp.at\/?page_id=157#primaryimage"},"thumbnailUrl":"https:\/\/www.tlp.at\/wp-content\/uploads\/2015\/04\/IMG_4477_wm-300x200.jpg","datePublished":"2016-09-12T06:54:41+00:00","dateModified":"2016-09-12T06:59:43+00:00","description":"Gem\u00fcse aus Tirol von TLP Tiroler Landesprodukte regional klimaschonend Radieschen aus Tirol Salat aus Tirol Melanzane aus Tirol","breadcrumb":{"@id":"https:\/\/www.tlp.at\/?page_id=157#breadcrumb"},"inLanguage":"de","potentialAction":[{"@type":"ReadAction","target":["https:\/\/www.tlp.at\/?page_id=157"]}]},{"@type":"ImageObject","inLanguage":"de","@id":"https:\/\/www.tlp.at\/?page_id=157#primaryimage","url":"https:\/\/www.tlp.at\/wp-content\/uploads\/2015\/04\/IMG_4477_wm.jpg","contentUrl":"https:\/\/www.tlp.at\/wp-content\/uploads\/2015\/04\/IMG_4477_wm.jpg","width":1024,"height":683,"caption":"TLP - Tiroler Radieschen"},{"@type":"BreadcrumbList","@id":"https:\/\/www.tlp.at\/?page_id=157#breadcrumb","itemListElement":[{"@type":"ListItem","position":1,"name":"Home","item":"https:\/\/www.tlp.at\/"},{"@type":"ListItem","position":2,"name":"Gem\u00fcse aus Tirol"}]},{"@type":"WebSite","@id":"https:\/\/www.tlp.at\/#website","url":"https:\/\/www.tlp.at\/","name":"TLP Tiroler Landesprodukte","description":"Das Beste direkt von unseren Tiroler Bauern","potentialAction":[{"@type":"SearchAction","target":{"@type":"EntryPoint","urlTemplate":"https:\/\/www.tlp.at\/?s={search_term_string}"},"query-input":{"@type":"PropertyValueSpecification","valueRequired":true,"valueName":"search_term_string"}}],"inLanguage":"de"}]}},"_links":{"self":[{"href":"https:\/\/www.tlp.at\/index.php?rest_route=\/wp\/v2\/pages\/157","targetHints":{"allow":["GET"]}}],"collection":[{"href":"https:\/\/www.tlp.at\/index.php?rest_route=\/wp\/v2\/pages"}],"about":[{"href":"https:\/\/www.tlp.at\/index.php?rest_route=\/wp\/v2\/types\/page"}],"author":[{"embeddable":true,"href":"https:\/\/www.tlp.at\/index.php?rest_route=\/wp\/v2\/users\/2"}],"replies":[{"embeddable":true,"href":"https:\/\/www.tlp.at\/index.php?rest_route=%2Fwp%2Fv2%2Fcomments&post=157"}],"version-history":[{"count":4,"href":"https:\/\/www.tlp.at\/index.php?rest_route=\/wp\/v2\/pages\/157\/revisions"}],"predecessor-version":[{"id":164,"href":"https:\/\/www.tlp.at\/index.php?rest_route=\/wp\/v2\/pages\/157\/revisions\/164"}],"wp:attachment":[{"href":"https:\/\/www.tlp.at\/index.php?rest_route=%2Fwp%2Fv2%2Fmedia&parent=157"}],"curies":[{"name":"wp","href":"https:\/\/api.w.org\/{rel}","templated":true}]}}